{"id":3680,"date":"2021-07-14T23:53:25","date_gmt":"2021-07-15T04:53:25","guid":{"rendered":"https:\/\/tsukan.com.mx\/tickets\/?post_type=product&#038;p=3680"},"modified":"2026-02-08T21:27:53","modified_gmt":"2026-02-09T02:27:53","slug":"paquete-tsukan-legendario","status":"publish","type":"product","link":"https:\/\/tsukan.com.mx\/tickets\/product\/paquete-tsukan-legendario\/","title":{"rendered":"Paquete Tsuk\u00e1n Experiencias + Men\u00fa Tradiciones"},"content":{"rendered":"<p>[vc_row][vc_column][vc_row_inner][vc_column_inner width=&#8221;1\/2&#8243;][vc_video link=&#8221;https:\/\/youtu.be\/dYeKeQh-PrA&#8221;][\/vc_column_inner][vc_column_inner width=&#8221;1\/2&#8243; css=&#8221;.vc_custom_1626321278165{padding-right: 40px !important;padding-left: 40px !important;}&#8221;][vc_column_text]Nada en las aguas m\u00edsticas de nuestro bello cenote, vive la experiencia de nuestra ceremonia de bienvenida con copal en nuestro \u00e1rbol sanador, visita la casa maya, descubre cada uno de los objetos caracter\u00edsticos que la visten, elabora en el taller de sabores de Yucat\u00e1n tu propio recado y disfruta en nuestro restaurante el sabor \u00fanico y original de nuestros platillos tradicionales yucatecos, uno de ellos es nuestro delicioso poc-chuc, acompa\u00f1ado de su tomate tatemado con unas ricas tortillas hechas a mano. (**INCLUYE una bebida natural).[\/vc_column_text][\/vc_column_inner][\/vc_row_inner][vc_empty_space height=&#8221;50px&#8221;][vc_row_inner][vc_column_inner][vc_column_text]<\/p>\n<div class=\"rbs_shortcode\"><style type=\"text\/css\" scoped>.rbs_gallery_6a08484036366Spinner{\r\n\t\t\t\tmargin: 50px auto;\r\n\t\t\t\twidth: 50px;\r\n\t\t\t\theight: 40px;\r\n\t\t\t\ttext-align: center;\r\n\t\t\t\tfont-size: 10px;\r\n\t\t\t}\r\n\t\t\t.rbs_gallery_6a08484036366Spinner > div{\r\n\t\t\t  background-color: #333;\r\n\t\t\t  height: 100%;\r\n\t\t\t  width: 6px;\r\n\t\t\t  display: inline-block;\r\n\t\t\t  -webkit-animation: rbs_gallery_6a08484036366-stretchdelay 1.2s infinite ease-in-out;\r\n\t\t\t  animation: rbs_gallery_6a08484036366-stretchdelay 1.2s infinite ease-in-out;\r\n\t\t\t}\r\n\t\t\t.rbs_gallery_6a08484036366Spinner .rbs_gallery_6a08484036366Rect2 {\r\n\t\t\t  -webkit-animation-delay: -1.1s;\r\n\t\t\t  animation-delay: -1.1s;\r\n\t\t\t}\r\n\t\t\t.rbs_gallery_6a08484036366Spinner .rbs_gallery_6a08484036366Rect3 {\r\n\t\t\t  -webkit-animation-delay: -1.0s;\r\n\t\t\t  animation-delay: -1.0s;\r\n\t\t\t}\r\n\t\t\t.rbs_gallery_6a08484036366Spinner .rbs_gallery_6a08484036366Rect4 {\r\n\t\t\t  -webkit-animation-delay: -0.9s;\r\n\t\t\t  animation-delay: -0.9s;\r\n\t\t\t}\r\n\t\t\t.rbs_gallery_6a08484036366Spinner .rbs_gallery_6a08484036366Rect5 {\r\n\t\t\t  -webkit-animation-delay: -0.8s;\r\n\t\t\t  animation-delay: -0.8s;\r\n\t\t\t}\r\n\t\t\t@-webkit-keyframes rbs_gallery_6a08484036366-stretchdelay {\r\n\t\t\t  0%, 40%, 100% { -webkit-transform: scaleY(0.4) }  \r\n\t\t\t  20% { -webkit-transform: scaleY(1.0) }\r\n\t\t\t}\r\n\t\t\t@keyframes rbs_gallery_6a08484036366-stretchdelay {\r\n\t\t\t  0%, 40%, 100% { \r\n\t\t\t    transform: scaleY(0.4);\r\n\t\t\t    -webkit-transform: scaleY(0.4);\r\n\t\t\t  }  20% { \r\n\t\t\t    transform: scaleY(1.0);\r\n\t\t\t    -webkit-transform: scaleY(1.0);\r\n\t\t\t  }\r\n\t\t\t}\r\n\t\t<\/style><div class=\"robo-gallery-wrap robo-gallery-wrap-id3676 robo-gallery-masonry\" ><div id=\"rbs_gallery_6a08484036366-block-loader\" class=\"rbs_gallery_6a08484036366Spinner\"><div class=\"rbs_gallery_6a08484036366Rect1\"><\/div> <div class=\"rbs_gallery_6a08484036366Rect2\"><\/div> <div class=\"rbs_gallery_6a08484036366Rect3\"><\/div> <div class=\"rbs_gallery_6a08484036366Rect4\"><\/div> <div class=\"rbs_gallery_6a08484036366Rect5\"><\/div><\/div><div id=\"robo_gallery_main_block_rbs_gallery_6a08484036366\" class=\"robogallery-gallery-3676\" style=\"width:100%;padding-left:30px;padding-top:15px;padding-right:30px;padding-bottom:15px;  display: none;\"><div id=\"rbs_gallery_6a08484036366\" data-options=\"rbs_gallery_6a08484036366\" style=\"width:100%;\" class=\"robo_gallery  \"><div class=\"rbs-img  category3676 \" ><div class=\"rbs-img-image   rbs-lightbox \" ><div class=\"rbs-img-thumbs\"  data-thumbnail=\"https:\/\/tsukan.com.mx\/tickets\/wp-content\/uploads\/2021\/07\/Tsukan-fotografos003.jpg\"  title=\"Tsukan fotografos003\"  data-width=\"800\"  data-height=\"534\" ><\/div><div class=\"rbs-img-data-popup\"  data-popup=\"https:\/\/tsukan.com.mx\/tickets\/wp-content\/uploads\/2021\/07\/Tsukan-fotografos003.jpg\"  title=\"Tsukan fotografos003\" ><\/div><div class=\"thumbnail-overlay\"><div class=\"rbsIcons\"><i class=\"fa fa-plus rbsZoomIcon \" ><\/i><\/div><\/div><\/div><\/div><div class=\"rbs-img  category3676 \" ><div class=\"rbs-img-image   rbs-lightbox \" ><div class=\"rbs-img-thumbs\"  data-thumbnail=\"https:\/\/tsukan.com.mx\/tickets\/wp-content\/uploads\/2021\/07\/tsukan090-200x300.jpg\"  title=\"tsukan090\"  data-width=\"200\"  data-height=\"300\" ><\/div><div class=\"rbs-img-data-popup\"  data-popup=\"https:\/\/tsukan.com.mx\/tickets\/wp-content\/uploads\/2021\/07\/tsukan090.jpg\"  title=\"tsukan090\" ><\/div><div class=\"thumbnail-overlay\"><div class=\"rbsIcons\"><i class=\"fa fa-plus rbsZoomIcon \" ><\/i><\/div><\/div><\/div><\/div><div class=\"rbs-img  category3676 \" ><div class=\"rbs-img-image   rbs-lightbox \" ><div class=\"rbs-img-thumbs\"  data-thumbnail=\"https:\/\/tsukan.com.mx\/tickets\/wp-content\/uploads\/2021\/07\/tsukan042.jpg\"  title=\"tsukan042\"  data-width=\"800\"  data-height=\"1198\" ><\/div><div class=\"rbs-img-data-popup\"  data-popup=\"https:\/\/tsukan.com.mx\/tickets\/wp-content\/uploads\/2021\/07\/tsukan042.jpg\"  title=\"tsukan042\" ><\/div><div class=\"thumbnail-overlay\"><div class=\"rbsIcons\"><i class=\"fa fa-plus rbsZoomIcon \" ><\/i><\/div><\/div><\/div><\/div><div class=\"rbs-img  category3676 \" ><div class=\"rbs-img-image   rbs-lightbox \" ><div class=\"rbs-img-thumbs\"  data-thumbnail=\"https:\/\/tsukan.com.mx\/tickets\/wp-content\/uploads\/2021\/07\/Tsukan_302.jpg\"  title=\"Tsukan_302\"  data-width=\"800\"  data-height=\"534\" ><\/div><div class=\"rbs-img-data-popup\"  data-popup=\"https:\/\/tsukan.com.mx\/tickets\/wp-content\/uploads\/2021\/07\/Tsukan_302.jpg\"  title=\"Tsukan_302\" ><\/div><div class=\"thumbnail-overlay\"><div class=\"rbsIcons\"><i class=\"fa fa-plus rbsZoomIcon \" ><\/i><\/div><\/div><\/div><\/div><div class=\"rbs-img  category3676 \" ><div class=\"rbs-img-image   rbs-lightbox \" ><div class=\"rbs-img-thumbs\"  data-thumbnail=\"https:\/\/tsukan.com.mx\/tickets\/wp-content\/uploads\/2021\/07\/Tsukan_273.jpg\"  title=\"Tsukan_273\"  data-width=\"800\"  data-height=\"534\" ><\/div><div class=\"rbs-img-data-popup\"  data-popup=\"https:\/\/tsukan.com.mx\/tickets\/wp-content\/uploads\/2021\/07\/Tsukan_273.jpg\"  title=\"Tsukan_273\" ><\/div><div class=\"thumbnail-overlay\"><div class=\"rbsIcons\"><i class=\"fa fa-plus rbsZoomIcon \" ><\/i><\/div><\/div><\/div><\/div><div class=\"rbs-img  category3676 \" ><div class=\"rbs-img-image   rbs-lightbox \" ><div class=\"rbs-img-thumbs\"  data-thumbnail=\"https:\/\/tsukan.com.mx\/tickets\/wp-content\/uploads\/2021\/07\/Tsukan-fotografos226.jpg\"  title=\"Tsukan fotografos226\"  data-width=\"800\"  data-height=\"1198\" ><\/div><div class=\"rbs-img-data-popup\"  data-popup=\"https:\/\/tsukan.com.mx\/tickets\/wp-content\/uploads\/2021\/07\/Tsukan-fotografos226.jpg\"  title=\"Tsukan fotografos226\" ><\/div><div class=\"thumbnail-overlay\"><div class=\"rbsIcons\"><i class=\"fa fa-plus rbsZoomIcon \" ><\/i><\/div><\/div><\/div><\/div><div class=\"rbs-img  category3676 \" ><div class=\"rbs-img-image   rbs-lightbox \" ><div class=\"rbs-img-thumbs\"  data-thumbnail=\"https:\/\/tsukan.com.mx\/tickets\/wp-content\/uploads\/2021\/07\/Tsukan-fotografos193-200x300.jpg\"  title=\"Tsukan fotografos193\"  data-width=\"200\"  data-height=\"300\" ><\/div><div class=\"rbs-img-data-popup\"  data-popup=\"https:\/\/tsukan.com.mx\/tickets\/wp-content\/uploads\/2021\/07\/Tsukan-fotografos193.jpg\"  title=\"Tsukan fotografos193\" ><\/div><div class=\"thumbnail-overlay\"><div class=\"rbsIcons\"><i class=\"fa fa-plus rbsZoomIcon \" ><\/i><\/div><\/div><\/div><\/div><div class=\"rbs-img  category3676 \" ><div class=\"rbs-img-image   rbs-lightbox \" ><div class=\"rbs-img-thumbs\"  data-thumbnail=\"https:\/\/tsukan.com.mx\/tickets\/wp-content\/uploads\/2021\/07\/Tsukan-fotografos063.jpg\"  title=\"Tsukan fotografos063\"  data-width=\"800\"  data-height=\"1198\" ><\/div><div class=\"rbs-img-data-popup\"  data-popup=\"https:\/\/tsukan.com.mx\/tickets\/wp-content\/uploads\/2021\/07\/Tsukan-fotografos063.jpg\"  title=\"Tsukan fotografos063\" ><\/div><div class=\"thumbnail-overlay\"><div class=\"rbsIcons\"><i class=\"fa fa-plus rbsZoomIcon \" ><\/i><\/div><\/div><\/div><\/div><div class=\"rbs-img  category3676 \" ><div class=\"rbs-img-image   rbs-lightbox \" ><div class=\"rbs-img-thumbs\"  data-thumbnail=\"https:\/\/tsukan.com.mx\/tickets\/wp-content\/uploads\/2021\/07\/Tsukan-fotografos058.jpg\"  title=\"Tsukan fotografos058\"  data-width=\"800\"  data-height=\"534\" ><\/div><div class=\"rbs-img-data-popup\"  data-popup=\"https:\/\/tsukan.com.mx\/tickets\/wp-content\/uploads\/2021\/07\/Tsukan-fotografos058.jpg\"  title=\"Tsukan fotografos058\" ><\/div><div class=\"thumbnail-overlay\"><div class=\"rbsIcons\"><i class=\"fa fa-plus rbsZoomIcon \" ><\/i><\/div><\/div><\/div><\/div><div class=\"rbs-img  category3676 \" ><div class=\"rbs-img-image   rbs-lightbox \" ><div class=\"rbs-img-thumbs\"  data-thumbnail=\"https:\/\/tsukan.com.mx\/tickets\/wp-content\/uploads\/2021\/07\/IMG_2302.jpg\"  title=\"IMG_2302\"  data-width=\"800\"  data-height=\"533\" ><\/div><div class=\"rbs-img-data-popup\"  data-popup=\"https:\/\/tsukan.com.mx\/tickets\/wp-content\/uploads\/2021\/07\/IMG_2302.jpg\"  title=\"IMG_2302\" ><\/div><div class=\"thumbnail-overlay\"><div class=\"rbsIcons\"><i class=\"fa fa-plus rbsZoomIcon \" ><\/i><\/div><\/div><\/div><\/div><div class=\"rbs-img  category3676 \" ><div class=\"rbs-img-image   rbs-lightbox \" ><div class=\"rbs-img-thumbs\"  data-thumbnail=\"https:\/\/tsukan.com.mx\/tickets\/wp-content\/uploads\/2021\/07\/IMG_2296-450x300.jpg\"  title=\"IMG_2296\"  data-width=\"450\"  data-height=\"300\" ><\/div><div class=\"rbs-img-data-popup\"  data-popup=\"https:\/\/tsukan.com.mx\/tickets\/wp-content\/uploads\/2021\/07\/IMG_2296.jpg\"  title=\"IMG_2296\" ><\/div><div class=\"thumbnail-overlay\"><div class=\"rbsIcons\"><i class=\"fa fa-plus rbsZoomIcon \" ><\/i><\/div><\/div><\/div><\/div><div class=\"rbs-img  category3676 \" ><div class=\"rbs-img-image   rbs-lightbox \" ><div class=\"rbs-img-thumbs\"  data-thumbnail=\"https:\/\/tsukan.com.mx\/tickets\/wp-content\/uploads\/2021\/07\/IMG_2284.jpg\"  title=\"IMG_2284\"  data-width=\"800\"  data-height=\"533\" ><\/div><div class=\"rbs-img-data-popup\"  data-popup=\"https:\/\/tsukan.com.mx\/tickets\/wp-content\/uploads\/2021\/07\/IMG_2284.jpg\"  title=\"IMG_2284\" ><\/div><div class=\"thumbnail-overlay\"><div class=\"rbsIcons\"><i class=\"fa fa-plus rbsZoomIcon \" ><\/i><\/div><\/div><\/div><\/div><div class=\"rbs-img  category3676 \" ><div class=\"rbs-img-image   rbs-lightbox \" ><div class=\"rbs-img-thumbs\"  data-thumbnail=\"https:\/\/tsukan.com.mx\/tickets\/wp-content\/uploads\/2021\/07\/IMG_2273.jpg\"  title=\"IMG_2273\"  data-width=\"800\"  data-height=\"533\" ><\/div><div class=\"rbs-img-data-popup\"  data-popup=\"https:\/\/tsukan.com.mx\/tickets\/wp-content\/uploads\/2021\/07\/IMG_2273.jpg\"  title=\"IMG_2273\" ><\/div><div class=\"thumbnail-overlay\"><div class=\"rbsIcons\"><i class=\"fa fa-plus rbsZoomIcon \" ><\/i><\/div><\/div><\/div><\/div><div class=\"rbs-img  category3676 \" ><div class=\"rbs-img-image   rbs-lightbox \" ><div class=\"rbs-img-thumbs\"  data-thumbnail=\"https:\/\/tsukan.com.mx\/tickets\/wp-content\/uploads\/2021\/07\/IMG_2220.jpg\"  title=\"IMG_2220\"  data-width=\"800\"  data-height=\"533\" ><\/div><div class=\"rbs-img-data-popup\"  data-popup=\"https:\/\/tsukan.com.mx\/tickets\/wp-content\/uploads\/2021\/07\/IMG_2220.jpg\"  title=\"IMG_2220\" ><\/div><div class=\"thumbnail-overlay\"><div class=\"rbsIcons\"><i class=\"fa fa-plus rbsZoomIcon \" ><\/i><\/div><\/div><\/div><\/div><div class=\"rbs-img  category3676 \" ><div class=\"rbs-img-image   rbs-lightbox \" ><div class=\"rbs-img-thumbs\"  data-thumbnail=\"https:\/\/tsukan.com.mx\/tickets\/wp-content\/uploads\/2021\/07\/IMG_2216.jpg\"  title=\"IMG_2216\"  data-width=\"800\"  data-height=\"533\" ><\/div><div class=\"rbs-img-data-popup\"  data-popup=\"https:\/\/tsukan.com.mx\/tickets\/wp-content\/uploads\/2021\/07\/IMG_2216.jpg\"  title=\"IMG_2216\" ><\/div><div class=\"thumbnail-overlay\"><div class=\"rbsIcons\"><i class=\"fa fa-plus rbsZoomIcon \" ><\/i><\/div><\/div><\/div><\/div><div class=\"rbs-img  category3676 \" ><div class=\"rbs-img-image   rbs-lightbox \" ><div class=\"rbs-img-thumbs\"  data-thumbnail=\"https:\/\/tsukan.com.mx\/tickets\/wp-content\/uploads\/2021\/07\/IMG_2210.jpg\"  title=\"IMG_2210\"  data-width=\"800\"  data-height=\"533\" ><\/div><div class=\"rbs-img-data-popup\"  data-popup=\"https:\/\/tsukan.com.mx\/tickets\/wp-content\/uploads\/2021\/07\/IMG_2210.jpg\"  title=\"IMG_2210\" ><\/div><div class=\"thumbnail-overlay\"><div class=\"rbsIcons\"><i class=\"fa fa-plus rbsZoomIcon \" ><\/i><\/div><\/div><\/div><\/div><div class=\"rbs-img  category3676 \" ><div class=\"rbs-img-image   rbs-lightbox \" ><div class=\"rbs-img-thumbs\"  data-thumbnail=\"https:\/\/tsukan.com.mx\/tickets\/wp-content\/uploads\/2021\/07\/IMG_2205-450x300.jpg\"  title=\"IMG_2205\"  data-width=\"450\"  data-height=\"300\" ><\/div><div class=\"rbs-img-data-popup\"  data-popup=\"https:\/\/tsukan.com.mx\/tickets\/wp-content\/uploads\/2021\/07\/IMG_2205.jpg\"  title=\"IMG_2205\" ><\/div><div class=\"thumbnail-overlay\"><div class=\"rbsIcons\"><i class=\"fa fa-plus rbsZoomIcon \" ><\/i><\/div><\/div><\/div><\/div><div class=\"rbs-img  category3676 \" ><div class=\"rbs-img-image   rbs-lightbox \" ><div class=\"rbs-img-thumbs\"  data-thumbnail=\"https:\/\/tsukan.com.mx\/tickets\/wp-content\/uploads\/2021\/07\/IMG_2203.jpg\"  title=\"IMG_2203\"  data-width=\"800\"  data-height=\"1200\" ><\/div><div class=\"rbs-img-data-popup\"  data-popup=\"https:\/\/tsukan.com.mx\/tickets\/wp-content\/uploads\/2021\/07\/IMG_2203.jpg\"  title=\"IMG_2203\" ><\/div><div class=\"thumbnail-overlay\"><div class=\"rbsIcons\"><i class=\"fa fa-plus rbsZoomIcon \" ><\/i><\/div><\/div><\/div><\/div><div class=\"rbs-img  category3676 \" ><div class=\"rbs-img-image   rbs-lightbox \" ><div class=\"rbs-img-thumbs\"  data-thumbnail=\"https:\/\/tsukan.com.mx\/tickets\/wp-content\/uploads\/2021\/07\/IMG_2188.jpg\"  title=\"IMG_2188\"  data-width=\"800\"  data-height=\"533\" ><\/div><div class=\"rbs-img-data-popup\"  data-popup=\"https:\/\/tsukan.com.mx\/tickets\/wp-content\/uploads\/2021\/07\/IMG_2188.jpg\"  title=\"IMG_2188\" ><\/div><div class=\"thumbnail-overlay\"><div class=\"rbsIcons\"><i class=\"fa fa-plus rbsZoomIcon \" ><\/i><\/div><\/div><\/div><\/div><div class=\"rbs-img  category3676 \" ><div class=\"rbs-img-image   rbs-lightbox \" ><div class=\"rbs-img-thumbs\"  data-thumbnail=\"https:\/\/tsukan.com.mx\/tickets\/wp-content\/uploads\/2021\/07\/IMG_2173.jpg\"  title=\"IMG_2173\"  data-width=\"800\"  data-height=\"533\" ><\/div><div class=\"rbs-img-data-popup\"  data-popup=\"https:\/\/tsukan.com.mx\/tickets\/wp-content\/uploads\/2021\/07\/IMG_2173.jpg\"  title=\"IMG_2173\" ><\/div><div class=\"thumbnail-overlay\"><div class=\"rbsIcons\"><i class=\"fa fa-plus rbsZoomIcon \" ><\/i><\/div><\/div><\/div><\/div><div class=\"rbs-img  category3676 \" ><div class=\"rbs-img-image   rbs-lightbox \" ><div class=\"rbs-img-thumbs\"  data-thumbnail=\"https:\/\/tsukan.com.mx\/tickets\/wp-content\/uploads\/2021\/07\/IMG_2113-450x300.jpg\"  title=\"IMG_2113\"  data-width=\"450\"  data-height=\"300\" ><\/div><div class=\"rbs-img-data-popup\"  data-popup=\"https:\/\/tsukan.com.mx\/tickets\/wp-content\/uploads\/2021\/07\/IMG_2113.jpg\"  title=\"IMG_2113\" ><\/div><div class=\"thumbnail-overlay\"><div class=\"rbsIcons\"><i class=\"fa fa-plus rbsZoomIcon \" ><\/i><\/div><\/div><\/div><\/div><\/div><\/div><\/div><script>var rbs_gallery_6a08484036366 = {\"version\":\"5.0.5\",\"id\":3676,\"class\":\"id3676\",\"roboGalleryDelay\":1000,\"mainContainer\":\"#robo_gallery_main_block_rbs_gallery_6a08484036366\",\"loadingContainer\":\"#rbs_gallery_6a08484036366-block-loader\",\"loadingContainerObj\":\"rbs_gallery_6a08484036366-block-loader\",\"columnWidth\":\"auto\",\"columns\":3,\"resolutions\":[{\"columnWidth\":\"auto\",\"columns\":3,\"maxWidth\":960},{\"columnWidth\":\"auto\",\"columns\":2,\"maxWidth\":650},{\"columnWidth\":\"auto\",\"columns\":1,\"maxWidth\":450}],\"hideTitle\":true,\"lightboxOptions\":{\"gallery\":{\"enabled\":true,\"tCounter\":\"%curr% of %total%\"}},\"overlayEffect\":\"direction-aware-fade\",\"boxesToLoadStart\":12,\"boxesToLoad\":8,\"waitUntilThumbLoads\":1,\"LoadingWord\":\"Loading...\",\"loadMoreWord\":\"Load More\",\"noMoreEntriesWord\":\"No More Entries\",\"horizontalSpaceBetweenBoxes\":15,\"verticalSpaceBetweenBoxes\":15,\"lazyLoad\":1,\"wrapContainer\":\"#robo-gallery-wrap-rbs_gallery_6a08484036366\"};<\/script><\/div>\n<p>[\/vc_column_text][\/vc_column_inner][\/vc_row_inner][vc_empty_space height=&#8221;50px&#8221;][vc_custom_heading text=&#8221;Ubicaci\u00f3n&#8221; google_fonts=&#8221;font_family:Roboto%3A100%2C100italic%2C300%2C300italic%2Cregular%2Citalic%2C500%2C500italic%2C700%2C700italic%2C900%2C900italic|font_style:400%20regular%3A400%3Anormal&#8221;][vc_empty_space height=&#8221;30px&#8221;][vc_row_inner][vc_column_inner][vc_raw_html]JTNDaWZyYW1lJTIwc3JjJTNEJTIyaHR0cHMlM0ElMkYlMkZ3d3cuZ29vZ2xlLmNvbSUyRm1hcHMlMkZlbWJlZCUzRnBiJTNEJTIxMW0xOCUyMTFtMTIlMjExbTMlMjExZDk1NTQyMy43MTk0NzkxNjY3JTIxMmQtODkuMjIzNzAxOTM1NzUyNTYlMjEzZDIwLjcwNTE5MjU4NjE3NDUzJTIxMm0zJTIxMWYwJTIxMmYwJTIxM2YwJTIxM20yJTIxMWkxMDI0JTIxMmk3NjglMjE0ZjEzLjElMjEzbTMlMjExbTIlMjExczB4OGY1MTM3YzI5MDI1MGQxMSUyNTNBMHg3OGU3NzZjMTkxM2Q3Y2YwJTIxMnNUc3VrJTI1QzMlMjVBMW4lMjUyMFNhbnR1YXJpbyUyNTIwZGUlMjUyMFZpZGElMjE1ZTAlMjEzbTIlMjExc2VzJTIxMnNteCUyMTR2MTYyNjMyMDU4NjY4MSUyMTVtMiUyMTFzZXMlMjEyc214JTIyJTIwd2lkdGglM0QlMjIxMDAlMjUlMjIlMjBoZWlnaHQlM0QlMjI0NTAlMjIlMjBzdHlsZSUzRCUyMmJvcmRlciUzQTAlM0IlMjIlMjBhbGxvd2Z1bGxzY3JlZW4lM0QlMjIlMjIlMjBsb2FkaW5nJTNEJTIybGF6eSUyMiUzRSUzQyUyRmlmcmFtZSUzRQ==[\/vc_raw_html][\/vc_column_inner][\/vc_row_inner][\/vc_column][\/vc_row]<\/p>\n","protected":false},"excerpt":{"rendered":"<p>[vc_row][vc_column][vc_row_inner][vc_column_inner width=&#8221;1\/2&#8243;][vc_video link=&#8221;https:\/\/youtu.be\/dYeKeQh-PrA&#8221;][\/vc_column_inner][vc_column_inner width=&#8221;1\/2&#8243; css=&#8221;.vc_custom_1626321278165{padding-right: 40px !important;padding-left: 40px !important;}&#8221;][vc_column_text]Nada en las aguas m\u00edsticas de nuestro bello cenote, vive la experiencia de nuestra ceremonia de bienvenida con copal en nuestro \u00e1rbol sanador, visita la casa maya, descubre cada uno de los objetos caracter\u00edsticos que la visten, elabora en el taller de sabores de Yucat\u00e1n tu propio [&hellip;]<\/p>\n","protected":false},"featured_media":4531,"comment_status":"closed","ping_status":"closed","template":"","meta":[],"product_brand":[],"product_cat":[18],"product_tag":[],"class_list":{"0":"post-3680","1":"product","2":"type-product","3":"status-publish","4":"has-post-thumbnail","6":"product_cat-paquetes-de-acceso","8":"first","9":"instock","10":"sold-individually","11":"shipping-taxable","12":"purchasable","13":"product-type-simple"},"aioseo_notices":[],"_links":{"self":[{"href":"https:\/\/tsukan.com.mx\/tickets\/wp-json\/wp\/v2\/product\/3680","targetHints":{"allow":["GET"]}}],"collection":[{"href":"https:\/\/tsukan.com.mx\/tickets\/wp-json\/wp\/v2\/product"}],"about":[{"href":"https:\/\/tsukan.com.mx\/tickets\/wp-json\/wp\/v2\/types\/product"}],"replies":[{"embeddable":true,"href":"https:\/\/tsukan.com.mx\/tickets\/wp-json\/wp\/v2\/comments?post=3680"}],"wp:featuredmedia":[{"embeddable":true,"href":"https:\/\/tsukan.com.mx\/tickets\/wp-json\/wp\/v2\/media\/4531"}],"wp:attachment":[{"href":"https:\/\/tsukan.com.mx\/tickets\/wp-json\/wp\/v2\/media?parent=3680"}],"wp:term":[{"taxonomy":"product_brand","embeddable":true,"href":"https:\/\/tsukan.com.mx\/tickets\/wp-json\/wp\/v2\/product_brand?post=3680"},{"taxonomy":"product_cat","embeddable":true,"href":"https:\/\/tsukan.com.mx\/tickets\/wp-json\/wp\/v2\/product_cat?post=3680"},{"taxonomy":"product_tag","embeddable":true,"href":"https:\/\/tsukan.com.mx\/tickets\/wp-json\/wp\/v2\/product_tag?post=3680"}],"curies":[{"name":"wp","href":"https:\/\/api.w.org\/{rel}","templated":true}]}}